{"id":420,"date":"2021-10-02T18:48:08","date_gmt":"2021-10-02T17:48:08","guid":{"rendered":"https:\/\/zuckerrosi.at\/zuckerdrucker\/?post_type=product&#038;p=420"},"modified":"2021-10-02T18:49:52","modified_gmt":"2021-10-02T17:49:52","slug":"sternzeichen-waage-gottfried-glawar","status":"publish","type":"product","link":"https:\/\/zuckerrosi.at\/zuckerdrucker\/product\/sternzeichen-waage-gottfried-glawar\/","title":{"rendered":"Sternzeichen &#8211; Waage- Gottfried Glawar"},"content":{"rendered":"<p>Ein Druck von einer Illustration des Sternzeichen Waage von Gottfried Glawar<\/p>\n<p>Zutaten der Essbaren Tinte:<br \/>\nWasser Feuchthaltemittel: Glycerin (E422) Konservierungsstoff: Kaliumsorbat (E202) Antioxidationsmittel: Citronens\u00e4ure (E330) Farbstoff: Brilliantschwarz BN (E151) Farbstoff: Azorubin (<strong>E122<\/strong>) Farbstoff: Tartrazin (<strong>E102<\/strong>) Farbstoff: Brillantblau FCF (E133) Farbstoff: Sunsetgelb FCF (<strong>E110<\/strong>)<br \/>\nE122, E102, E110 kann Aktivit\u00e4t und Aufmerksamkeit bei Kindern beeintr\u00e4chtigen.<\/p>\n<p>&nbsp;<\/p>\n<p>Gr\u00f6\u00dfe und Dicke k\u00f6nnen abweichen, da es sich um ein Naturprodukt handelt.<\/p>\n<p>Vegan und glutenfrei<\/p>\n<p>Nicht direkt auf Schlagobers aufbringen.<br \/>\nNicht zum Einfrieren geeignet.<\/p>\n","protected":false},"excerpt":{"rendered":"<p>Ein Druck von einer Illustration des Sternzeichen Waage von Gottfried Glawar Zutaten der Essbaren Tinte: Wasser Feuchthaltemittel: Glycerin (E422) Konservierungsstoff: Kaliumsorbat (E202) Antioxidationsmittel: Citronens\u00e4ure (E330) Farbstoff: Brilliantschwarz BN (E151) Farbstoff: Azorubin (E122) Farbstoff: Tartrazin (E102) Farbstoff: Brillantblau FCF (E133) Farbstoff: Sunsetgelb FCF (E110) E122, E102, E110 kann Aktivit\u00e4t und Aufmerksamkeit bei Kindern beeintr\u00e4chtigen. &nbsp; Gr\u00f6\u00dfe [&#8230;]\n","protected":false},"featured_media":232,"comment_status":"open","ping_status":"closed","template":"","meta":[],"product_brand":[],"product_cat":[26,25],"product_tag":[],"class_list":{"0":"post-420","1":"product","2":"type-product","3":"status-publish","4":"has-post-thumbnail","6":"product_cat-sternzeichen","7":"product_cat-unsere-motive","9":"first","10":"instock","11":"taxable","12":"shipping-taxable","13":"purchasable","14":"product-type-variable"},"yoast_head":"<!-- This site is optimized with the Yoast SEO plugin v27.3 - https:\/\/yoast.com\/product\/yoast-seo-wordpress\/ -->\n<title>Sternzeichen - Waage- Gottfried Glawar - Zuckerdrucker<\/title>\n<meta name=\"robots\" content=\"index, follow, max-snippet:-1, max-image-preview:large, max-video-preview:-1\" \/>\n<link rel=\"canonical\" href=\"https:\/\/zuckerrosi.at\/zuckerdrucker\/product\/sternzeichen-waage-gottfried-glawar\/\" \/>\n<meta property=\"og:locale\" content=\"de_DE\" \/>\n<meta property=\"og:type\" content=\"article\" \/>\n<meta property=\"og:title\" content=\"Sternzeichen - Waage- Gottfried Glawar - Zuckerdrucker\" \/>\n<meta property=\"og:description\" content=\"Ein Druck von einer Illustration des Sternzeichen Waage von Gottfried Glawar Zutaten der Essbaren Tinte: Wasser Feuchthaltemittel: Glycerin (E422) Konservierungsstoff: Kaliumsorbat (E202) Antioxidationsmittel: Citronens\u00e4ure (E330) Farbstoff: Brilliantschwarz BN (E151) Farbstoff: Azorubin (E122) Farbstoff: Tartrazin (E102) Farbstoff: Brillantblau FCF (E133) Farbstoff: Sunsetgelb FCF (E110) E122, E102, E110 kann Aktivit\u00e4t und Aufmerksamkeit bei Kindern beeintr\u00e4chtigen. &nbsp; Gr\u00f6\u00dfe [...]\" \/>\n<meta property=\"og:url\" content=\"https:\/\/zuckerrosi.at\/zuckerdrucker\/product\/sternzeichen-waage-gottfried-glawar\/\" \/>\n<meta property=\"og:site_name\" content=\"Zuckerdrucker\" \/>\n<meta property=\"article:modified_time\" content=\"2021-10-02T17:49:52+00:00\" \/>\n<meta property=\"og:image\" content=\"https:\/\/zuckerrosi.at\/zuckerdrucker\/wp-content\/uploads\/2021\/05\/libra.jpg\" \/>\n\t<meta property=\"og:image:width\" content=\"874\" \/>\n\t<meta property=\"og:image:height\" content=\"848\" \/>\n\t<meta property=\"og:image:type\" content=\"image\/jpeg\" \/>\n<meta name=\"twitter:card\" content=\"summary_large_image\" \/>\n<script type=\"application\/ld+json\" class=\"yoast-schema-graph\">{\"@context\":\"https:\\\/\\\/schema.org\",\"@graph\":[{\"@type\":\"WebPage\",\"@id\":\"https:\\\/\\\/zuckerrosi.at\\\/zuckerdrucker\\\/product\\\/sternzeichen-waage-gottfried-glawar\\\/\",\"url\":\"https:\\\/\\\/zuckerrosi.at\\\/zuckerdrucker\\\/product\\\/sternzeichen-waage-gottfried-glawar\\\/\",\"name\":\"Sternzeichen - Waage- Gottfried Glawar - Zuckerdrucker\",\"isPartOf\":{\"@id\":\"https:\\\/\\\/zuckerrosi.at\\\/zuckerdrucker\\\/#website\"},\"primaryImageOfPage\":{\"@id\":\"https:\\\/\\\/zuckerrosi.at\\\/zuckerdrucker\\\/product\\\/sternzeichen-waage-gottfried-glawar\\\/#primaryimage\"},\"image\":{\"@id\":\"https:\\\/\\\/zuckerrosi.at\\\/zuckerdrucker\\\/product\\\/sternzeichen-waage-gottfried-glawar\\\/#primaryimage\"},\"thumbnailUrl\":\"https:\\\/\\\/zuckerrosi.at\\\/zuckerdrucker\\\/wp-content\\\/uploads\\\/2021\\\/05\\\/libra.jpg\",\"datePublished\":\"2021-10-02T17:48:08+00:00\",\"dateModified\":\"2021-10-02T17:49:52+00:00\",\"breadcrumb\":{\"@id\":\"https:\\\/\\\/zuckerrosi.at\\\/zuckerdrucker\\\/product\\\/sternzeichen-waage-gottfried-glawar\\\/#breadcrumb\"},\"inLanguage\":\"de\",\"potentialAction\":[{\"@type\":\"ReadAction\",\"target\":[\"https:\\\/\\\/zuckerrosi.at\\\/zuckerdrucker\\\/product\\\/sternzeichen-waage-gottfried-glawar\\\/\"]}]},{\"@type\":\"ImageObject\",\"inLanguage\":\"de\",\"@id\":\"https:\\\/\\\/zuckerrosi.at\\\/zuckerdrucker\\\/product\\\/sternzeichen-waage-gottfried-glawar\\\/#primaryimage\",\"url\":\"https:\\\/\\\/zuckerrosi.at\\\/zuckerdrucker\\\/wp-content\\\/uploads\\\/2021\\\/05\\\/libra.jpg\",\"contentUrl\":\"https:\\\/\\\/zuckerrosi.at\\\/zuckerdrucker\\\/wp-content\\\/uploads\\\/2021\\\/05\\\/libra.jpg\",\"width\":874,\"height\":848,\"caption\":\"Illustration des Sternzeichen Waage von Gottfried Glawar\"},{\"@type\":\"BreadcrumbList\",\"@id\":\"https:\\\/\\\/zuckerrosi.at\\\/zuckerdrucker\\\/product\\\/sternzeichen-waage-gottfried-glawar\\\/#breadcrumb\",\"itemListElement\":[{\"@type\":\"ListItem\",\"position\":1,\"name\":\"Startseite\",\"item\":\"https:\\\/\\\/zuckerrosi.at\\\/zuckerdrucker\\\/\"},{\"@type\":\"ListItem\",\"position\":2,\"name\":\"Produkte\",\"item\":\"https:\\\/\\\/zuckerrosi.at\\\/zuckerdrucker\\\/shop\\\/\"},{\"@type\":\"ListItem\",\"position\":3,\"name\":\"Sternzeichen &#8211; Waage- Gottfried Glawar\"}]},{\"@type\":\"WebSite\",\"@id\":\"https:\\\/\\\/zuckerrosi.at\\\/zuckerdrucker\\\/#website\",\"url\":\"https:\\\/\\\/zuckerrosi.at\\\/zuckerdrucker\\\/\",\"name\":\"Zuckerdrucker\",\"description\":\"Ein Webshop, der Zuckerdruck und handgemachte Tortendeko anbietet.\",\"potentialAction\":[{\"@type\":\"SearchAction\",\"target\":{\"@type\":\"EntryPoint\",\"urlTemplate\":\"https:\\\/\\\/zuckerrosi.at\\\/zuckerdrucker\\\/?s={search_term_string}\"},\"query-input\":{\"@type\":\"PropertyValueSpecification\",\"valueRequired\":true,\"valueName\":\"search_term_string\"}}],\"inLanguage\":\"de\"}]}<\/script>\n<!-- \/ Yoast SEO plugin. -->","yoast_head_json":{"title":"Sternzeichen - Waage- Gottfried Glawar - Zuckerdrucker","robots":{"index":"index","follow":"follow","max-snippet":"max-snippet:-1","max-image-preview":"max-image-preview:large","max-video-preview":"max-video-preview:-1"},"canonical":"https:\/\/zuckerrosi.at\/zuckerdrucker\/product\/sternzeichen-waage-gottfried-glawar\/","og_locale":"de_DE","og_type":"article","og_title":"Sternzeichen - Waage- Gottfried Glawar - Zuckerdrucker","og_description":"Ein Druck von einer Illustration des Sternzeichen Waage von Gottfried Glawar Zutaten der Essbaren Tinte: Wasser Feuchthaltemittel: Glycerin (E422) Konservierungsstoff: Kaliumsorbat (E202) Antioxidationsmittel: Citronens\u00e4ure (E330) Farbstoff: Brilliantschwarz BN (E151) Farbstoff: Azorubin (E122) Farbstoff: Tartrazin (E102) Farbstoff: Brillantblau FCF (E133) Farbstoff: Sunsetgelb FCF (E110) E122, E102, E110 kann Aktivit\u00e4t und Aufmerksamkeit bei Kindern beeintr\u00e4chtigen. &nbsp; Gr\u00f6\u00dfe [...]","og_url":"https:\/\/zuckerrosi.at\/zuckerdrucker\/product\/sternzeichen-waage-gottfried-glawar\/","og_site_name":"Zuckerdrucker","article_modified_time":"2021-10-02T17:49:52+00:00","og_image":[{"width":874,"height":848,"url":"https:\/\/zuckerrosi.at\/zuckerdrucker\/wp-content\/uploads\/2021\/05\/libra.jpg","type":"image\/jpeg"}],"twitter_card":"summary_large_image","schema":{"@context":"https:\/\/schema.org","@graph":[{"@type":"WebPage","@id":"https:\/\/zuckerrosi.at\/zuckerdrucker\/product\/sternzeichen-waage-gottfried-glawar\/","url":"https:\/\/zuckerrosi.at\/zuckerdrucker\/product\/sternzeichen-waage-gottfried-glawar\/","name":"Sternzeichen - Waage- Gottfried Glawar - Zuckerdrucker","isPartOf":{"@id":"https:\/\/zuckerrosi.at\/zuckerdrucker\/#website"},"primaryImageOfPage":{"@id":"https:\/\/zuckerrosi.at\/zuckerdrucker\/product\/sternzeichen-waage-gottfried-glawar\/#primaryimage"},"image":{"@id":"https:\/\/zuckerrosi.at\/zuckerdrucker\/product\/sternzeichen-waage-gottfried-glawar\/#primaryimage"},"thumbnailUrl":"https:\/\/zuckerrosi.at\/zuckerdrucker\/wp-content\/uploads\/2021\/05\/libra.jpg","datePublished":"2021-10-02T17:48:08+00:00","dateModified":"2021-10-02T17:49:52+00:00","breadcrumb":{"@id":"https:\/\/zuckerrosi.at\/zuckerdrucker\/product\/sternzeichen-waage-gottfried-glawar\/#breadcrumb"},"inLanguage":"de","potentialAction":[{"@type":"ReadAction","target":["https:\/\/zuckerrosi.at\/zuckerdrucker\/product\/sternzeichen-waage-gottfried-glawar\/"]}]},{"@type":"ImageObject","inLanguage":"de","@id":"https:\/\/zuckerrosi.at\/zuckerdrucker\/product\/sternzeichen-waage-gottfried-glawar\/#primaryimage","url":"https:\/\/zuckerrosi.at\/zuckerdrucker\/wp-content\/uploads\/2021\/05\/libra.jpg","contentUrl":"https:\/\/zuckerrosi.at\/zuckerdrucker\/wp-content\/uploads\/2021\/05\/libra.jpg","width":874,"height":848,"caption":"Illustration des Sternzeichen Waage von Gottfried Glawar"},{"@type":"BreadcrumbList","@id":"https:\/\/zuckerrosi.at\/zuckerdrucker\/product\/sternzeichen-waage-gottfried-glawar\/#breadcrumb","itemListElement":[{"@type":"ListItem","position":1,"name":"Startseite","item":"https:\/\/zuckerrosi.at\/zuckerdrucker\/"},{"@type":"ListItem","position":2,"name":"Produkte","item":"https:\/\/zuckerrosi.at\/zuckerdrucker\/shop\/"},{"@type":"ListItem","position":3,"name":"Sternzeichen &#8211; Waage- Gottfried Glawar"}]},{"@type":"WebSite","@id":"https:\/\/zuckerrosi.at\/zuckerdrucker\/#website","url":"https:\/\/zuckerrosi.at\/zuckerdrucker\/","name":"Zuckerdrucker","description":"Ein Webshop, der Zuckerdruck und handgemachte Tortendeko anbietet.","potentialAction":[{"@type":"SearchAction","target":{"@type":"EntryPoint","urlTemplate":"https:\/\/zuckerrosi.at\/zuckerdrucker\/?s={search_term_string}"},"query-input":{"@type":"PropertyValueSpecification","valueRequired":true,"valueName":"search_term_string"}}],"inLanguage":"de"}]}},"_links":{"self":[{"href":"https:\/\/zuckerrosi.at\/zuckerdrucker\/wp-json\/wp\/v2\/product\/420","targetHints":{"allow":["GET"]}}],"collection":[{"href":"https:\/\/zuckerrosi.at\/zuckerdrucker\/wp-json\/wp\/v2\/product"}],"about":[{"href":"https:\/\/zuckerrosi.at\/zuckerdrucker\/wp-json\/wp\/v2\/types\/product"}],"replies":[{"embeddable":true,"href":"https:\/\/zuckerrosi.at\/zuckerdrucker\/wp-json\/wp\/v2\/comments?post=420"}],"wp:featuredmedia":[{"embeddable":true,"href":"https:\/\/zuckerrosi.at\/zuckerdrucker\/wp-json\/wp\/v2\/media\/232"}],"wp:attachment":[{"href":"https:\/\/zuckerrosi.at\/zuckerdrucker\/wp-json\/wp\/v2\/media?parent=420"}],"wp:term":[{"taxonomy":"product_brand","embeddable":true,"href":"https:\/\/zuckerrosi.at\/zuckerdrucker\/wp-json\/wp\/v2\/product_brand?post=420"},{"taxonomy":"product_cat","embeddable":true,"href":"https:\/\/zuckerrosi.at\/zuckerdrucker\/wp-json\/wp\/v2\/product_cat?post=420"},{"taxonomy":"product_tag","embeddable":true,"href":"https:\/\/zuckerrosi.at\/zuckerdrucker\/wp-json\/wp\/v2\/product_tag?post=420"}],"curies":[{"name":"wp","href":"https:\/\/api.w.org\/{rel}","templated":true}]}}