{"id":380,"date":"2021-10-02T17:57:39","date_gmt":"2021-10-02T16:57:39","guid":{"rendered":"https:\/\/zuckerrosi.at\/zuckerdrucker\/?post_type=product&#038;p=380"},"modified":"2021-10-02T18:02:38","modified_gmt":"2021-10-02T17:02:38","slug":"sternzeichen-jungfrau","status":"publish","type":"product","link":"https:\/\/zuckerrosi.at\/zuckerdrucker\/product\/sternzeichen-jungfrau\/","title":{"rendered":"Sternzeichen Jungfrau"},"content":{"rendered":"<p>Ein Druck von einer Illustration des Sternzeichen Jungfrau<\/p>\n<p>Zutaten der Essbaren Tinte:<br \/>\nWasser Feuchthaltemittel: Glycerin (E422) Konservierungsstoff: Kaliumsorbat (E202) Antioxidationsmittel: Citronens\u00e4ure (E330) Farbstoff: Brilliantschwarz BN (E151) Farbstoff: Azorubin (<strong>E122<\/strong>) Farbstoff: Tartrazin (<strong>E102<\/strong>) Farbstoff: Brillantblau FCF (E133) Farbstoff: Sunsetgelb FCF (<strong>E110<\/strong>)<br \/>\nE122, E102, E110 kann Aktivit\u00e4t und Aufmerksamkeit bei Kindern beeintr\u00e4chtigen.<\/p>\n<p>&nbsp;<\/p>\n<p>Gr\u00f6\u00dfe und Dicke k\u00f6nnen abweichen, da es sich um ein Naturprodukt handelt.<\/p>\n<p>Vegan und glutenfrei<\/p>\n<p>Nicht direkt auf Schlagobers aufbringen.<br \/>\nNicht zum Einfrieren geeignet.<\/p>\n<div id=\"gtx-trans\" style=\"position: absolute; left: 308px; top: 44.2639px;\">\n<div class=\"gtx-trans-icon\"><\/div>\n<\/div>\n","protected":false},"excerpt":{"rendered":"<p>Ein Druck von einer Illustration des Sternzeichen Jungfrau Zutaten der Essbaren Tinte: Wasser Feuchthaltemittel: Glycerin (E422) Konservierungsstoff: Kaliumsorbat (E202) Antioxidationsmittel: Citronens\u00e4ure (E330) Farbstoff: Brilliantschwarz BN (E151) Farbstoff: Azorubin (E122) Farbstoff: Tartrazin (E102) Farbstoff: Brillantblau FCF (E133) Farbstoff: Sunsetgelb FCF (E110) E122, E102, E110 kann Aktivit\u00e4t und Aufmerksamkeit bei Kindern beeintr\u00e4chtigen. &nbsp; Gr\u00f6\u00dfe und Dicke k\u00f6nnen [&#8230;]\n","protected":false},"featured_media":296,"comment_status":"open","ping_status":"closed","template":"","meta":[],"product_brand":[],"product_cat":[26,25],"product_tag":[],"class_list":{"0":"post-380","1":"product","2":"type-product","3":"status-publish","4":"has-post-thumbnail","6":"product_cat-sternzeichen","7":"product_cat-unsere-motive","9":"first","10":"instock","11":"taxable","12":"shipping-taxable","13":"purchasable","14":"product-type-variable"},"yoast_head":"<!-- This site is optimized with the Yoast SEO plugin v27.3 - https:\/\/yoast.com\/product\/yoast-seo-wordpress\/ -->\n<title>Sternzeichen Jungfrau - Zuckerdrucker<\/title>\n<meta name=\"robots\" content=\"index, follow, max-snippet:-1, max-image-preview:large, max-video-preview:-1\" \/>\n<link rel=\"canonical\" href=\"https:\/\/zuckerrosi.at\/zuckerdrucker\/product\/sternzeichen-jungfrau\/\" \/>\n<meta property=\"og:locale\" content=\"de_DE\" \/>\n<meta property=\"og:type\" content=\"article\" \/>\n<meta property=\"og:title\" content=\"Sternzeichen Jungfrau - Zuckerdrucker\" \/>\n<meta property=\"og:description\" content=\"Ein Druck von einer Illustration des Sternzeichen Jungfrau Zutaten der Essbaren Tinte: Wasser Feuchthaltemittel: Glycerin (E422) Konservierungsstoff: Kaliumsorbat (E202) Antioxidationsmittel: Citronens\u00e4ure (E330) Farbstoff: Brilliantschwarz BN (E151) Farbstoff: Azorubin (E122) Farbstoff: Tartrazin (E102) Farbstoff: Brillantblau FCF (E133) Farbstoff: Sunsetgelb FCF (E110) E122, E102, E110 kann Aktivit\u00e4t und Aufmerksamkeit bei Kindern beeintr\u00e4chtigen. &nbsp; Gr\u00f6\u00dfe und Dicke k\u00f6nnen [...]\" \/>\n<meta property=\"og:url\" content=\"https:\/\/zuckerrosi.at\/zuckerdrucker\/product\/sternzeichen-jungfrau\/\" \/>\n<meta property=\"og:site_name\" content=\"Zuckerdrucker\" \/>\n<meta property=\"article:modified_time\" content=\"2021-10-02T17:02:38+00:00\" \/>\n<meta property=\"og:image\" content=\"https:\/\/zuckerrosi.at\/zuckerdrucker\/wp-content\/uploads\/2021\/05\/Virgo-1.jpg\" \/>\n\t<meta property=\"og:image:width\" content=\"1000\" \/>\n\t<meta property=\"og:image:height\" content=\"1000\" \/>\n\t<meta property=\"og:image:type\" content=\"image\/jpeg\" \/>\n<meta name=\"twitter:card\" content=\"summary_large_image\" \/>\n<meta name=\"twitter:label1\" content=\"Gesch\u00e4tzte Lesezeit\" \/>\n\t<meta name=\"twitter:data1\" content=\"1\u00a0Minute\" \/>\n<script type=\"application\/ld+json\" class=\"yoast-schema-graph\">{\"@context\":\"https:\\\/\\\/schema.org\",\"@graph\":[{\"@type\":\"WebPage\",\"@id\":\"https:\\\/\\\/zuckerrosi.at\\\/zuckerdrucker\\\/product\\\/sternzeichen-jungfrau\\\/\",\"url\":\"https:\\\/\\\/zuckerrosi.at\\\/zuckerdrucker\\\/product\\\/sternzeichen-jungfrau\\\/\",\"name\":\"Sternzeichen Jungfrau - Zuckerdrucker\",\"isPartOf\":{\"@id\":\"https:\\\/\\\/zuckerrosi.at\\\/zuckerdrucker\\\/#website\"},\"primaryImageOfPage\":{\"@id\":\"https:\\\/\\\/zuckerrosi.at\\\/zuckerdrucker\\\/product\\\/sternzeichen-jungfrau\\\/#primaryimage\"},\"image\":{\"@id\":\"https:\\\/\\\/zuckerrosi.at\\\/zuckerdrucker\\\/product\\\/sternzeichen-jungfrau\\\/#primaryimage\"},\"thumbnailUrl\":\"https:\\\/\\\/zuckerrosi.at\\\/zuckerdrucker\\\/wp-content\\\/uploads\\\/2021\\\/05\\\/Virgo-1.jpg\",\"datePublished\":\"2021-10-02T16:57:39+00:00\",\"dateModified\":\"2021-10-02T17:02:38+00:00\",\"breadcrumb\":{\"@id\":\"https:\\\/\\\/zuckerrosi.at\\\/zuckerdrucker\\\/product\\\/sternzeichen-jungfrau\\\/#breadcrumb\"},\"inLanguage\":\"de\",\"potentialAction\":[{\"@type\":\"ReadAction\",\"target\":[\"https:\\\/\\\/zuckerrosi.at\\\/zuckerdrucker\\\/product\\\/sternzeichen-jungfrau\\\/\"]}]},{\"@type\":\"ImageObject\",\"inLanguage\":\"de\",\"@id\":\"https:\\\/\\\/zuckerrosi.at\\\/zuckerdrucker\\\/product\\\/sternzeichen-jungfrau\\\/#primaryimage\",\"url\":\"https:\\\/\\\/zuckerrosi.at\\\/zuckerdrucker\\\/wp-content\\\/uploads\\\/2021\\\/05\\\/Virgo-1.jpg\",\"contentUrl\":\"https:\\\/\\\/zuckerrosi.at\\\/zuckerdrucker\\\/wp-content\\\/uploads\\\/2021\\\/05\\\/Virgo-1.jpg\",\"width\":1000,\"height\":1000,\"caption\":\"Illustration des Sternzeichen Jungfrau\"},{\"@type\":\"BreadcrumbList\",\"@id\":\"https:\\\/\\\/zuckerrosi.at\\\/zuckerdrucker\\\/product\\\/sternzeichen-jungfrau\\\/#breadcrumb\",\"itemListElement\":[{\"@type\":\"ListItem\",\"position\":1,\"name\":\"Startseite\",\"item\":\"https:\\\/\\\/zuckerrosi.at\\\/zuckerdrucker\\\/\"},{\"@type\":\"ListItem\",\"position\":2,\"name\":\"Produkte\",\"item\":\"https:\\\/\\\/zuckerrosi.at\\\/zuckerdrucker\\\/shop\\\/\"},{\"@type\":\"ListItem\",\"position\":3,\"name\":\"Sternzeichen Jungfrau\"}]},{\"@type\":\"WebSite\",\"@id\":\"https:\\\/\\\/zuckerrosi.at\\\/zuckerdrucker\\\/#website\",\"url\":\"https:\\\/\\\/zuckerrosi.at\\\/zuckerdrucker\\\/\",\"name\":\"Zuckerdrucker\",\"description\":\"Ein Webshop, der Zuckerdruck und handgemachte Tortendeko anbietet.\",\"potentialAction\":[{\"@type\":\"SearchAction\",\"target\":{\"@type\":\"EntryPoint\",\"urlTemplate\":\"https:\\\/\\\/zuckerrosi.at\\\/zuckerdrucker\\\/?s={search_term_string}\"},\"query-input\":{\"@type\":\"PropertyValueSpecification\",\"valueRequired\":true,\"valueName\":\"search_term_string\"}}],\"inLanguage\":\"de\"}]}<\/script>\n<!-- \/ Yoast SEO plugin. -->","yoast_head_json":{"title":"Sternzeichen Jungfrau - Zuckerdrucker","robots":{"index":"index","follow":"follow","max-snippet":"max-snippet:-1","max-image-preview":"max-image-preview:large","max-video-preview":"max-video-preview:-1"},"canonical":"https:\/\/zuckerrosi.at\/zuckerdrucker\/product\/sternzeichen-jungfrau\/","og_locale":"de_DE","og_type":"article","og_title":"Sternzeichen Jungfrau - Zuckerdrucker","og_description":"Ein Druck von einer Illustration des Sternzeichen Jungfrau Zutaten der Essbaren Tinte: Wasser Feuchthaltemittel: Glycerin (E422) Konservierungsstoff: Kaliumsorbat (E202) Antioxidationsmittel: Citronens\u00e4ure (E330) Farbstoff: Brilliantschwarz BN (E151) Farbstoff: Azorubin (E122) Farbstoff: Tartrazin (E102) Farbstoff: Brillantblau FCF (E133) Farbstoff: Sunsetgelb FCF (E110) E122, E102, E110 kann Aktivit\u00e4t und Aufmerksamkeit bei Kindern beeintr\u00e4chtigen. &nbsp; Gr\u00f6\u00dfe und Dicke k\u00f6nnen [...]","og_url":"https:\/\/zuckerrosi.at\/zuckerdrucker\/product\/sternzeichen-jungfrau\/","og_site_name":"Zuckerdrucker","article_modified_time":"2021-10-02T17:02:38+00:00","og_image":[{"width":1000,"height":1000,"url":"https:\/\/zuckerrosi.at\/zuckerdrucker\/wp-content\/uploads\/2021\/05\/Virgo-1.jpg","type":"image\/jpeg"}],"twitter_card":"summary_large_image","twitter_misc":{"Gesch\u00e4tzte Lesezeit":"1\u00a0Minute"},"schema":{"@context":"https:\/\/schema.org","@graph":[{"@type":"WebPage","@id":"https:\/\/zuckerrosi.at\/zuckerdrucker\/product\/sternzeichen-jungfrau\/","url":"https:\/\/zuckerrosi.at\/zuckerdrucker\/product\/sternzeichen-jungfrau\/","name":"Sternzeichen Jungfrau - Zuckerdrucker","isPartOf":{"@id":"https:\/\/zuckerrosi.at\/zuckerdrucker\/#website"},"primaryImageOfPage":{"@id":"https:\/\/zuckerrosi.at\/zuckerdrucker\/product\/sternzeichen-jungfrau\/#primaryimage"},"image":{"@id":"https:\/\/zuckerrosi.at\/zuckerdrucker\/product\/sternzeichen-jungfrau\/#primaryimage"},"thumbnailUrl":"https:\/\/zuckerrosi.at\/zuckerdrucker\/wp-content\/uploads\/2021\/05\/Virgo-1.jpg","datePublished":"2021-10-02T16:57:39+00:00","dateModified":"2021-10-02T17:02:38+00:00","breadcrumb":{"@id":"https:\/\/zuckerrosi.at\/zuckerdrucker\/product\/sternzeichen-jungfrau\/#breadcrumb"},"inLanguage":"de","potentialAction":[{"@type":"ReadAction","target":["https:\/\/zuckerrosi.at\/zuckerdrucker\/product\/sternzeichen-jungfrau\/"]}]},{"@type":"ImageObject","inLanguage":"de","@id":"https:\/\/zuckerrosi.at\/zuckerdrucker\/product\/sternzeichen-jungfrau\/#primaryimage","url":"https:\/\/zuckerrosi.at\/zuckerdrucker\/wp-content\/uploads\/2021\/05\/Virgo-1.jpg","contentUrl":"https:\/\/zuckerrosi.at\/zuckerdrucker\/wp-content\/uploads\/2021\/05\/Virgo-1.jpg","width":1000,"height":1000,"caption":"Illustration des Sternzeichen Jungfrau"},{"@type":"BreadcrumbList","@id":"https:\/\/zuckerrosi.at\/zuckerdrucker\/product\/sternzeichen-jungfrau\/#breadcrumb","itemListElement":[{"@type":"ListItem","position":1,"name":"Startseite","item":"https:\/\/zuckerrosi.at\/zuckerdrucker\/"},{"@type":"ListItem","position":2,"name":"Produkte","item":"https:\/\/zuckerrosi.at\/zuckerdrucker\/shop\/"},{"@type":"ListItem","position":3,"name":"Sternzeichen Jungfrau"}]},{"@type":"WebSite","@id":"https:\/\/zuckerrosi.at\/zuckerdrucker\/#website","url":"https:\/\/zuckerrosi.at\/zuckerdrucker\/","name":"Zuckerdrucker","description":"Ein Webshop, der Zuckerdruck und handgemachte Tortendeko anbietet.","potentialAction":[{"@type":"SearchAction","target":{"@type":"EntryPoint","urlTemplate":"https:\/\/zuckerrosi.at\/zuckerdrucker\/?s={search_term_string}"},"query-input":{"@type":"PropertyValueSpecification","valueRequired":true,"valueName":"search_term_string"}}],"inLanguage":"de"}]}},"_links":{"self":[{"href":"https:\/\/zuckerrosi.at\/zuckerdrucker\/wp-json\/wp\/v2\/product\/380","targetHints":{"allow":["GET"]}}],"collection":[{"href":"https:\/\/zuckerrosi.at\/zuckerdrucker\/wp-json\/wp\/v2\/product"}],"about":[{"href":"https:\/\/zuckerrosi.at\/zuckerdrucker\/wp-json\/wp\/v2\/types\/product"}],"replies":[{"embeddable":true,"href":"https:\/\/zuckerrosi.at\/zuckerdrucker\/wp-json\/wp\/v2\/comments?post=380"}],"wp:featuredmedia":[{"embeddable":true,"href":"https:\/\/zuckerrosi.at\/zuckerdrucker\/wp-json\/wp\/v2\/media\/296"}],"wp:attachment":[{"href":"https:\/\/zuckerrosi.at\/zuckerdrucker\/wp-json\/wp\/v2\/media?parent=380"}],"wp:term":[{"taxonomy":"product_brand","embeddable":true,"href":"https:\/\/zuckerrosi.at\/zuckerdrucker\/wp-json\/wp\/v2\/product_brand?post=380"},{"taxonomy":"product_cat","embeddable":true,"href":"https:\/\/zuckerrosi.at\/zuckerdrucker\/wp-json\/wp\/v2\/product_cat?post=380"},{"taxonomy":"product_tag","embeddable":true,"href":"https:\/\/zuckerrosi.at\/zuckerdrucker\/wp-json\/wp\/v2\/product_tag?post=380"}],"curies":[{"name":"wp","href":"https:\/\/api.w.org\/{rel}","templated":true}]}}