{"id":149,"date":"2021-05-05T10:39:31","date_gmt":"2021-05-05T09:39:31","guid":{"rendered":"https:\/\/zuckerrosi.at\/zuckerdrucker\/?page_id=149"},"modified":"2021-06-01T07:36:43","modified_gmt":"2021-06-01T06:36:43","slug":"agb","status":"publish","type":"page","link":"https:\/\/zuckerrosi.at\/zuckerdrucker\/agb\/","title":{"rendered":"AGB"},"content":{"rendered":"\n\t<section class=\"section\" id=\"section_286215037\">\n\t\t<div class=\"bg section-bg fill bg-fill  bg-loaded\" >\n\n\t\t\t\n\t\t\t\n\t\t\t\n\n\t\t<\/div>\n\n\t\t<div class=\"section-content relative\">\n\t\t\t\n\n\t<div id=\"gap-1378250912\" class=\"gap-element clearfix\" style=\"display:block; height:auto;\">\n\t\t\n<style>\n#gap-1378250912 {\n  padding-top: 50px;\n}\n<\/style>\n\t<\/div>\n\t\n\n<div class=\"row align-center\"  id=\"row-1439248438\">\n\n\n\t<div id=\"col-1624146184\" class=\"col medium-8 small-10 large-8\"  >\n\t\t<div class=\"col-inner\"  >\n\t\t\t\n\t\t\t\n\n<h1><b>Allgemeine Verkaufsbedingungen<\/b><\/h1>\n<h4><b>Geltungsbereich<\/b><\/h4>\n<p><span style=\"font-weight: 400;\">Diese Gesch\u00e4ftsbedingungen gelten f\u00fcr alle K\u00e4ufe bei <a href=\"https:\/\/zuckerrosi.at\/zuckerdrucker\/impressum\/\">Glawar Rosina,<\/a><\/span><span style=\"font-weight: 400;\">&nbsp;die von Privatkunden get\u00e4tigt werden.&nbsp;<\/span><\/p>\n<p><span style=\"font-weight: 400;\">Privatkunden in diesem Sinne sind Personen mit Wohnsitz und Lieferadresse in der Bundesrepublik \u00d6sterreich, soweit die von ihnen bestellten Waren weder ihrer gewerblichen noch ihrer selbstst\u00e4ndigen beruflichen T\u00e4tigkeit zugerechnet werden k\u00f6nnen.&nbsp;<\/span><\/p>\n<p><span style=\"font-weight: 400;\">Gesch\u00e4ftskunden werden gebeten, Bestellungen auf den \u00fcber den <a href=\"https:\/\/zuckerrosi.at\/zuckerdrucker\/my-account\/\">Gesch\u00e4ftskunden-Login<\/a> erreichbaren Bestellseiten <\/span><span style=\"font-weight: 400;\">&nbsp;zu t\u00e4tigen.<\/span><\/p>\n<div class=\"jfk-bubble gtx-bubble\" style=\"visibility: hidden; left: 72px; top: 289px; opacity: 1;\" role=\"alertdialog\" aria-describedby=\"bubble-6\">\n<div id=\"bubble-6\" class=\"jfk-bubble-content-id\">\n<div id=\"gtx-host\" style=\"min-width: 200px; max-width: 400px;\">&nbsp;<\/div>\n<\/div>\n<div class=\"jfk-bubble-closebtn-id jfk-bubble-closebtn\" tabindex=\"0\" role=\"button\" aria-label=\"Close\">&nbsp;<\/div>\n<div class=\"jfk-bubble-arrow-id jfk-bubble-arrow jfk-bubble-arrowup\" style=\"left: 76.5px;\">\n<div class=\"jfk-bubble-arrowimplbefore\">&nbsp;<\/div>\n<div class=\"jfk-bubble-arrowimplafter\">&nbsp;<\/div>\n<\/div>\n<\/div>\n\n\t\t<\/div>\n\t\t\t<\/div>\n\n\t\n\n<\/div>\n<div class=\"row align-center\"  id=\"row-515319666\">\n\n\n\t<div id=\"col-1811208384\" class=\"col medium-8 small-10 large-8\"  >\n\t\t<div class=\"col-inner\"  >\n\t\t\t\n\t\t\t\n\n<p><b>Preise und Versandkosten<\/b><\/p>\n<p><span style=\"font-weight: 400;\">Die ausgezeichneten Preise sind Endpreise inkl. Umsatzsteuer. Es gilt der Betrag, der jeweils zum Zeitpunkt der verbindlichen Bestellung ausgewiesen ist. Hinzu kommen Versandkosten, die von der Versandart und der Gr\u00f6\u00dfe und dem Gewicht der von Ihnen bestellten Ware(n) abh\u00e4ngig sind. \u00dcber die Einzelheiten k\u00f6nnen Sie sich unter <\/span><span style=\"font-weight: 400;\">[Link auf \u201eVersandkosten&#8220;]<\/span><span style=\"font-weight: 400;\"> informieren. Die regelm\u00e4\u00dfigen Kosten der R\u00fccksendung, die im Falle einer R\u00fcckgabe der Ware durch Sie in Aus\u00fcbung Ihres Widerrufsrechts <\/span><span style=\"font-weight: 400;\">[Link auf \u201eWiderrufsrecht&#8220;]<\/span><span style=\"font-weight: 400;\"> entstehen, tragen wir. Bei Aus\u00fcbung Ihres Widerrufsrechts erstatten wir Ihnen auch die Versandkosten zur\u00fcck.<\/span><\/p>\n<p><strong>\u00a0<\/strong><\/p>\n<p><b>Zahlung<\/b><\/p>\n<p><span style=\"font-weight: 400;\">Die Bezahlung erfolgt bei Lieferung mittels\u00a0<\/span><\/p>\n<p><span style=\"font-weight: 400;\">&#8211; Kreditkarte\u00a0<\/span><\/p>\n<p><span style=\"font-weight: 400;\">&#8211; PayPal\u00a0<\/span><\/p>\n<p><strong>\u00a0<\/strong><\/p>\n<p><b>Zahlungsverzug<\/b><\/p>\n<p><span style=\"font-weight: 400;\">Kommen Sie in Zahlungsverzug, so ist Glawar Rosina berechtigt, Verzugszinsen in H\u00f6he von 5 Prozentpunkten \u00fcber dem von der \u00d6sterreichischen Nationalbank f\u00fcr den Zeitpunkt der Bestellung bekannt gegebenen Basiszinssatz p.a. zu fordern. Falls Glawar Rosina ein h\u00f6herer Verzugsschaden nachweisbar entstanden ist, ist Glawar Rosina berechtigt, diesen geltend zu machen.<\/span><\/p>\n<p><strong>\u00a0<\/strong><\/p>\n<p><b>Zur\u00fcckbehaltungsrecht<\/b><\/p>\n<p><span style=\"font-weight: 400;\">Zur Aus\u00fcbung eines Zur\u00fcckbehaltungsrechts ist der Kunde nur insoweit befugt, als sein Gegenanspruch auf demselben Vertragsverh\u00e4ltnis beruht.<\/span><\/p>\n<p><strong>\u00a0<\/strong><\/p>\n<p><b>Lieferung<\/b><\/p>\n<p><span style=\"font-weight: 400;\">(1) Die Lieferung erfolgt an die vom Kunden angegebene Lieferanschrift, innerhalb von 2-5 Werktagen.<\/span><span style=\"font-weight: 400;\"><br \/><\/span><span style=\"font-weight: 400;\">(2) Macht h\u00f6here Gewalt (Naturkatastrophen, Krieg, B\u00fcrgerkrieg, Terroranschlag) die Lieferung oder eine sonstige Leistung dauerhaft unm\u00f6glich, ist eine Leistungspflicht von Glawar Rosina ausgeschlossen. Bereits gezahlte Betr\u00e4ge werden von Glawar Rosina unverz\u00fcglich erstattet.<\/span><\/p>\n<p><span style=\"font-weight: 400;\">(3) Glawar Rosina kann au\u00dferdem die Leistung verweigern, soweit diese einen Aufwand erfordert, der unter Beachtung des Inhalts des Kaufvertrages und der Gebote von Treu und Glauben in einem groben Missverh\u00e4ltnis zu dem Interesse des Kunden an der Erf\u00fcllung des Kaufvertrages steht. Bereits gezahlte Betr\u00e4ge werden von Glawar Rosina unverz\u00fcglich erstattet.<\/span><\/p>\n<p><span style=\"font-weight: 400;\">(4) Sperrgut (Pakete mit einem gr\u00f6\u00dferen Volumen als 1 qm) werden in der Regel per Spedition geliefert. Glawar Rosina weist ausdr\u00fccklich darauf hin, dass diese Ware nicht ins Haus getragen wird.\u00a0<\/span><\/p>\n<p><strong>\u00a0<\/strong><\/p>\n<p><b>G\u00fcnstige Versandart bei R\u00fccksendung<\/b><\/p>\n<p><span style=\"font-weight: 400;\">(1) Bitte verwenden Sie bei der R\u00fccksendung der Ware und des Zubeh\u00f6rs nach M\u00f6glichkeit die Originalverpackung, auch wenn diese durch eine \u00d6ffnung zur Funktionspr\u00fcfung besch\u00e4digt sein sollte.<\/span><\/p>\n<p><span style=\"font-weight: 400;\">(2) Bitte verwenden Sie zur R\u00fccksendung den der Warenlieferung beigef\u00fcgten, vollst\u00e4ndig frankierten und adressierten R\u00fccksendeaufkleber. Es handelt sich dabei um die einfachste und kosteng\u00fcnstigste Versandm\u00f6glichkeit. Sie trifft keine Verpflichtung zur Verwendung dieses R\u00fccksendeverfahrens. Wenn Sie allerdings eine unn\u00f6tig teure Versandart w\u00e4hlen, k\u00f6nnen Sie unter Umst\u00e4nden verpflichtet sein, die gegen\u00fcber einer g\u00fcnstigen Versandart erh\u00f6hten Kosten an uns zu zahlen.\u00a0<\/span><\/p>\n<p><strong>\u00a0<\/strong><\/p>\n<p><b>M\u00e4ngelrechte<\/b><\/p>\n<p><span style=\"font-weight: 400;\">(1) Ein bereits bei der Lieferung mangelhaftes Produkt (Gew\u00e4hrleistungsfall) wird Glawar Rosina nach Wahl des Kunden auf Kosten von Glawar Rosina durch ein mangelfreies ersetzen oder fachgerecht reparieren lassen (Nacherf\u00fcllung). Der Kunde wird darauf hingewiesen, dass kein Gew\u00e4hrleistungsfall vorliegt, wenn das Produkt bei Gefahr\u00fcbergang die vereinbarte Beschaffenheit hatte. Ein Gew\u00e4hrleistungsfall liegt insbesondere in folgenden F\u00e4llen nicht vor:<\/span><\/p>\n<ol>\n<li><span style=\"font-weight: 400;\">a)<\/span> <span style=\"font-weight: 400;\">bei Sch\u00e4den, die beim Kunden durch Missbrauch oder unsachgem\u00e4\u00dfen Gebrauch entstanden sind,<\/span><\/li>\n<li><span style=\"font-weight: 400;\">b)<\/span> <span style=\"font-weight: 400;\">bei Sch\u00e4den, die dadurch entstanden sind, dass die Produkte beim Kunden sch\u00e4dlichen \u00e4u\u00dferen Einfl\u00fcssen ausgesetzt worden sind (insbesondere extremen Temperaturen, Feuchtigkeit, au\u00dfergew\u00f6hnlicher physikalischer oder elektrischer Beanspruchung, Spannungsschwankungen, Blitzschlag, statischer Elektrizit\u00e4t, Feuer).<\/span><\/li>\n<\/ol>\n<p><span style=\"font-weight: 400;\">(2) Erfordert die vom Kunden gew\u00fcnschte Art der Nacherf\u00fcllung (Ersatzlieferung oder Reparatur) einen Aufwand, der in Anbetracht des Produktpreises unter Beachtung des Vertragsinhaltes und der Gebote von Treu und Glauben in einem groben Missverh\u00e4ltnis zu dem Leistungsinteresse des Kunden steht \u2013 wobei insbesondere der Wert des Kaufgegenstandes im mangelfreien Zustand, die Bedeutung des Mangels und die Frage zu ber\u00fccksichtigen sind, ob auf die andere Art der Nacherf\u00fcllung ohne erhebliche Nachteile f\u00fcr den Kunden zur\u00fcckgegriffen werden kann \u2013 beschr\u00e4nkt sich der Anspruch des Kunden auf die jeweils andere Art der Nacherf\u00fcllung. Das Recht von Glawar Rosina, auch diese andere Art der Nacherf\u00fcllung unter der vorgenannten Voraussetzung zu verweigern, bleibt unber\u00fchrt.\u00a0<\/span><\/p>\n<p><span style=\"font-weight: 400;\">(3) Sowohl f\u00fcr den Fall der Reparatur als auch f\u00fcr den Fall der Ersatzlieferung ist der Kunde verpflichtet, das Produkt auf Kosten von Glawar Rosina unter Angabe der Auftragsnummer an die von ihr angegebene R\u00fccksendeadresse einzusenden.\u00a0<\/span><\/p>\n<p><span style=\"font-weight: 400;\">(4) Sendet der Kunde die Ware ein, um ein Austauschprodukt zu bekommen, richtet sich die R\u00fcckgew\u00e4hr des mangelhaften Produktes nach folgender Ma\u00dfgabe: Sofern der Kunde die Ware zwischen Lieferung und R\u00fccksendung in mangelfreiem Zustand benutzen konnte, hat dieser den Wert der von ihm gezogenen Nutzungen zu erstatten. F\u00fcr einen nicht durch den Mangel eingetretenen Untergang oder die weitere Verschlechterung der Ware sowie f\u00fcr die nicht durch den Mangel eingetretene Unm\u00f6glichkeit der Herausgabe der Ware im Zeitraum zwischen Lieferung der Ware und R\u00fccksendung der Ware hat der Kunde Wertersatz zu leisten. Der Kunde hat keinen Wertersatz f\u00fcr die durch den bestimmungsgem\u00e4\u00dfen Gebrauch der Ware entstandene Verschlechterung der Ware zu leisten. Die Pflicht zum Wertersatz entf\u00e4llt f\u00fcr die R\u00fccksendung eines mangelhaften Produktes im Gew\u00e4hrleistungsfall ferner,<\/span><\/p>\n<ol>\n<li><span style=\"font-weight: 400;\">a)<\/span> <span style=\"font-weight: 400;\">wenn sich der zum R\u00fccktritt berechtigende Mangel erst w\u00e4hrend der Verarbeitung oder Umgestaltung gezeigt hat,<\/span><\/li>\n<li><span style=\"font-weight: 400;\">b)<\/span> <span style=\"font-weight: 400;\">wenn Glawar Rosina die Verschlechterung oder den Untergang zu vertreten hat oder der Schaden auch bei Glawar Rosina eingetreten w\u00e4re,<\/span><\/li>\n<li><span style=\"font-weight: 400;\">c)<\/span> <span style=\"font-weight: 400;\">wenn die Verschlechterung oder der Untergang beim Kunden eingetreten ist, obwohl dieser diejenige Sorgfalt beachtet hat, die er in eigenen Angelegenheiten anzuwenden pflegt.<\/span><\/li>\n<\/ol>\n<p><span style=\"font-weight: 400;\">(6) Die Schadensersatzpflicht des Kunden bei einer vom Kunden zu vertretenden Verletzung der R\u00fccksendungspflicht richtet sich nach Ma\u00dfgabe der gesetzlichen Bestimmungen.<\/span><\/p>\n<p><span style=\"font-weight: 400;\">(7) Der Kunde kann nach seiner Wahl vom Vertrag zur\u00fccktreten oder den Kaufpreis mindern, wenn die Reparatur oder Ersatzlieferung innerhalb einer angemessenen Frist nicht zu einem vertragsgerechten Zustand des Produktes gef\u00fchrt hat.\u00a0<\/span><\/p>\n<p><span style=\"font-weight: 400;\">(8) Dar\u00fcber hinaus k\u00f6nnen auch Anspr\u00fcche gegen den Hersteller im Rahmen einer von diesem einger\u00e4umten Garantie bestehen, die sich nach den entsprechenden Garantiebedingungen richten.\u00a0<\/span><\/p>\n<p><span style=\"font-weight: 400;\">(9) Die gesetzliche Gew\u00e4hrleistung von Glawar Rosina endet zwei Jahre ab Lieferung der Ware. Die Frist beginnt mit dem Erhalt der Ware.\u00a0<\/span><\/p>\n<p><strong>\u00a0<\/strong><\/p>\n<p><b>Anwendbares Recht<\/b><\/p>\n<p><span style=\"font-weight: 400;\">Der zwischen Ihnen und Glawar Rosina abgeschlossene Vertrag unterliegt ausschlie\u00dflich dem Recht der Republik \u00d6sterreich unter ausdr\u00fccklichem Ausschluss des UN-Kaufrechts. Unber\u00fchrt davon bleiben die zwingenden Bestimmungen des Staates, in dem Sie Ihren gew\u00f6hnlichen Aufenthalt haben.<\/span><\/p>\n<p><strong>\u00a0<\/strong><\/p>\n<p><b>Gerichtsstand<\/b><\/p>\n<p><span style=\"font-weight: 400;\">Sofern Sie entgegen Ihren Angaben bei der Bestellung keinen Wohnsitz in \u00d6sterreich haben oder nach Vertragsabschluss Ihren Wohnsitz ins Ausland verlegen oder Ihr Wohnsitz zum Zeitpunkt der Klageerhebung nicht bekannt ist, ist Gerichtsstand f\u00fcr alle Streitigkeiten aus und im Zusammenhang mit dem Vertragsverh\u00e4ltnis Bleiburg.\u00a0<\/span><\/p>\n<p><strong>\u00a0<\/strong><\/p>\n<p><b>Streitbeilegung<\/b><\/p>\n<p><span style=\"font-weight: 400;\">Allgemeine Informationspflichten zur alternativen Streitbeilegung nach Art. 14 Abs. 1 ODR-VO und \u00a7 36 VSBG (Verbraucherstreitbeilegungsgesetz):<\/span><\/p>\n<p><span style=\"font-weight: 400;\">Die europ\u00e4ische Kommission stellt eine Plattform zur Online-Streitbelegung (OS) zur Verf\u00fcgung, die Sie unter dieser Adresse finden: <\/span><a href=\"http:\/\/ec.europa.eu\/consumers\/odr\/\"><span style=\"font-weight: 400;\">http:\/\/ec.europa.eu\/consumers\/odr\/<\/span><\/a><span style=\"font-weight: 400;\"> . Zur Teilnahme an einem Streitbeilegungsverfahren vor einer Verbraucherschlichtungsstelle sind wir nicht verpflichtet und auch nicht bereit.\u00a0<\/span><\/p>\n<p><b>Schlussbestimmungen<\/b><\/p>\n<p><span style=\"font-weight: 400;\">(1) Sollten einzelne Bestimmungen dieses Vertrages ganz oder teilweise unwirksam oder nichtig sein oder werden, so wird dadurch die Wirksamkeit des Vertrages im \u00dcbrigen nicht ber\u00fchrt, insoweit ein Vertragspartner hierdurch nicht unangemessen benachteiligt wird.<\/span><\/p>\n<p><span style=\"font-weight: 400;\">(2) \u00c4nderungen oder Erg\u00e4nzungen dieses Vertrages bed\u00fcrfen der Schriftform.<\/span><\/p>\n<p>\u00a0<\/p>\n<p>\u00a0<\/p>\n\n\t\t<\/div>\n\t\t\t<\/div>\n\n\t\n\n<\/div>\n\n\t\t<\/div>\n\n\t\t\n<style>\n#section_286215037 {\n  padding-top: 20px;\n  padding-bottom: 20px;\n}\n<\/style>\n\t<\/section>\n\t\n\n","protected":false},"excerpt":{"rendered":"","protected":false},"author":1,"featured_media":0,"parent":0,"menu_order":0,"comment_status":"closed","ping_status":"closed","template":"","meta":{"footnotes":""},"class_list":["post-149","page","type-page","status-publish","hentry"],"yoast_head":"<!-- This site is optimized with the Yoast SEO plugin v27.3 - https:\/\/yoast.com\/product\/yoast-seo-wordpress\/ -->\n<title>AGB - Zuckerdrucker<\/title>\n<meta name=\"robots\" content=\"index, follow, max-snippet:-1, max-image-preview:large, max-video-preview:-1\" \/>\n<link rel=\"canonical\" href=\"https:\/\/zuckerrosi.at\/zuckerdrucker\/agb\/\" \/>\n<meta property=\"og:locale\" content=\"de_DE\" \/>\n<meta property=\"og:type\" content=\"article\" \/>\n<meta property=\"og:title\" content=\"AGB - Zuckerdrucker\" \/>\n<meta property=\"og:url\" content=\"https:\/\/zuckerrosi.at\/zuckerdrucker\/agb\/\" \/>\n<meta property=\"og:site_name\" content=\"Zuckerdrucker\" \/>\n<meta property=\"article:modified_time\" content=\"2021-06-01T06:36:43+00:00\" \/>\n<meta name=\"twitter:card\" content=\"summary_large_image\" \/>\n<meta name=\"twitter:label1\" content=\"Gesch\u00e4tzte Lesezeit\" \/>\n\t<meta name=\"twitter:data1\" content=\"6\u00a0Minuten\" \/>\n<script type=\"application\/ld+json\" class=\"yoast-schema-graph\">{\"@context\":\"https:\\\/\\\/schema.org\",\"@graph\":[{\"@type\":\"WebPage\",\"@id\":\"https:\\\/\\\/zuckerrosi.at\\\/zuckerdrucker\\\/agb\\\/\",\"url\":\"https:\\\/\\\/zuckerrosi.at\\\/zuckerdrucker\\\/agb\\\/\",\"name\":\"AGB - Zuckerdrucker\",\"isPartOf\":{\"@id\":\"https:\\\/\\\/zuckerrosi.at\\\/zuckerdrucker\\\/#website\"},\"datePublished\":\"2021-05-05T09:39:31+00:00\",\"dateModified\":\"2021-06-01T06:36:43+00:00\",\"breadcrumb\":{\"@id\":\"https:\\\/\\\/zuckerrosi.at\\\/zuckerdrucker\\\/agb\\\/#breadcrumb\"},\"inLanguage\":\"de\",\"potentialAction\":[{\"@type\":\"ReadAction\",\"target\":[\"https:\\\/\\\/zuckerrosi.at\\\/zuckerdrucker\\\/agb\\\/\"]}]},{\"@type\":\"BreadcrumbList\",\"@id\":\"https:\\\/\\\/zuckerrosi.at\\\/zuckerdrucker\\\/agb\\\/#breadcrumb\",\"itemListElement\":[{\"@type\":\"ListItem\",\"position\":1,\"name\":\"Startseite\",\"item\":\"https:\\\/\\\/zuckerrosi.at\\\/zuckerdrucker\\\/\"},{\"@type\":\"ListItem\",\"position\":2,\"name\":\"AGB\"}]},{\"@type\":\"WebSite\",\"@id\":\"https:\\\/\\\/zuckerrosi.at\\\/zuckerdrucker\\\/#website\",\"url\":\"https:\\\/\\\/zuckerrosi.at\\\/zuckerdrucker\\\/\",\"name\":\"Zuckerdrucker\",\"description\":\"Ein Webshop, der Zuckerdruck und handgemachte Tortendeko anbietet.\",\"potentialAction\":[{\"@type\":\"SearchAction\",\"target\":{\"@type\":\"EntryPoint\",\"urlTemplate\":\"https:\\\/\\\/zuckerrosi.at\\\/zuckerdrucker\\\/?s={search_term_string}\"},\"query-input\":{\"@type\":\"PropertyValueSpecification\",\"valueRequired\":true,\"valueName\":\"search_term_string\"}}],\"inLanguage\":\"de\"}]}<\/script>\n<!-- \/ Yoast SEO plugin. -->","yoast_head_json":{"title":"AGB - Zuckerdrucker","robots":{"index":"index","follow":"follow","max-snippet":"max-snippet:-1","max-image-preview":"max-image-preview:large","max-video-preview":"max-video-preview:-1"},"canonical":"https:\/\/zuckerrosi.at\/zuckerdrucker\/agb\/","og_locale":"de_DE","og_type":"article","og_title":"AGB - Zuckerdrucker","og_url":"https:\/\/zuckerrosi.at\/zuckerdrucker\/agb\/","og_site_name":"Zuckerdrucker","article_modified_time":"2021-06-01T06:36:43+00:00","twitter_card":"summary_large_image","twitter_misc":{"Gesch\u00e4tzte Lesezeit":"6\u00a0Minuten"},"schema":{"@context":"https:\/\/schema.org","@graph":[{"@type":"WebPage","@id":"https:\/\/zuckerrosi.at\/zuckerdrucker\/agb\/","url":"https:\/\/zuckerrosi.at\/zuckerdrucker\/agb\/","name":"AGB - Zuckerdrucker","isPartOf":{"@id":"https:\/\/zuckerrosi.at\/zuckerdrucker\/#website"},"datePublished":"2021-05-05T09:39:31+00:00","dateModified":"2021-06-01T06:36:43+00:00","breadcrumb":{"@id":"https:\/\/zuckerrosi.at\/zuckerdrucker\/agb\/#breadcrumb"},"inLanguage":"de","potentialAction":[{"@type":"ReadAction","target":["https:\/\/zuckerrosi.at\/zuckerdrucker\/agb\/"]}]},{"@type":"BreadcrumbList","@id":"https:\/\/zuckerrosi.at\/zuckerdrucker\/agb\/#breadcrumb","itemListElement":[{"@type":"ListItem","position":1,"name":"Startseite","item":"https:\/\/zuckerrosi.at\/zuckerdrucker\/"},{"@type":"ListItem","position":2,"name":"AGB"}]},{"@type":"WebSite","@id":"https:\/\/zuckerrosi.at\/zuckerdrucker\/#website","url":"https:\/\/zuckerrosi.at\/zuckerdrucker\/","name":"Zuckerdrucker","description":"Ein Webshop, der Zuckerdruck und handgemachte Tortendeko anbietet.","potentialAction":[{"@type":"SearchAction","target":{"@type":"EntryPoint","urlTemplate":"https:\/\/zuckerrosi.at\/zuckerdrucker\/?s={search_term_string}"},"query-input":{"@type":"PropertyValueSpecification","valueRequired":true,"valueName":"search_term_string"}}],"inLanguage":"de"}]}},"_links":{"self":[{"href":"https:\/\/zuckerrosi.at\/zuckerdrucker\/wp-json\/wp\/v2\/pages\/149","targetHints":{"allow":["GET"]}}],"collection":[{"href":"https:\/\/zuckerrosi.at\/zuckerdrucker\/wp-json\/wp\/v2\/pages"}],"about":[{"href":"https:\/\/zuckerrosi.at\/zuckerdrucker\/wp-json\/wp\/v2\/types\/page"}],"author":[{"embeddable":true,"href":"https:\/\/zuckerrosi.at\/zuckerdrucker\/wp-json\/wp\/v2\/users\/1"}],"replies":[{"embeddable":true,"href":"https:\/\/zuckerrosi.at\/zuckerdrucker\/wp-json\/wp\/v2\/comments?post=149"}],"version-history":[{"count":4,"href":"https:\/\/zuckerrosi.at\/zuckerdrucker\/wp-json\/wp\/v2\/pages\/149\/revisions"}],"predecessor-version":[{"id":318,"href":"https:\/\/zuckerrosi.at\/zuckerdrucker\/wp-json\/wp\/v2\/pages\/149\/revisions\/318"}],"wp:attachment":[{"href":"https:\/\/zuckerrosi.at\/zuckerdrucker\/wp-json\/wp\/v2\/media?parent=149"}],"curies":[{"name":"wp","href":"https:\/\/api.w.org\/{rel}","templated":true}]}}