{"id":11,"date":"2021-04-17T12:12:29","date_gmt":"2021-04-17T11:12:29","guid":{"rendered":"https:\/\/zuckerrosi.at\/zuckerdrucker\/?page_id=11"},"modified":"2021-06-01T09:51:40","modified_gmt":"2021-06-01T08:51:40","slug":"ueber-uns","status":"publish","type":"page","link":"https:\/\/zuckerrosi.at\/zuckerdrucker\/ueber-uns\/","title":{"rendered":"\u00dcber uns"},"content":{"rendered":"\n<div class=\"row row-collapse row-full-width\"  id=\"row-156031874\">\n\n\n\t<div id=\"col-2064531845\" class=\"col medium-5 small-12 large-5\"  >\n\t\t<div class=\"col-inner\"  >\n\t\t\t\n\t\t\t\n\n\n  <div class=\"banner has-hover\" id=\"banner-918967118\">\n          <div class=\"banner-inner fill\">\n        <div class=\"banner-bg fill\" >\n            <div class=\"bg fill bg-fill \"><\/div>\n                                    \n            <div class=\"effect-snow bg-effect fill no-click\"><\/div>        <\/div>\n        <div class=\"banner-layers container\">\n            <div class=\"fill banner-link\"><\/div>            \n\n\n        <\/div>\n      <\/div>\n\n            \n<style>\n#banner-918967118 {\n  padding-top: 640px;\n  background-color: rgb(254, 173, 201);\n}\n<\/style>\n  <\/div>\n\n\n\n\t\t<\/div>\n\t\t\t<\/div>\n\n\t\n\n\t<div id=\"col-339196069\" class=\"col medium-7 small-12 large-7\"  >\n\t\t<div class=\"col-inner\"  >\n\t\t\t\n\t\t\t\n\n\n  <div class=\"banner has-hover\" id=\"banner-523948067\">\n          <div class=\"banner-inner fill\">\n        <div class=\"banner-bg fill\" >\n            <div class=\"bg fill bg-fill \"><\/div>\n                                    \n                    <\/div>\n        <div class=\"banner-layers container\">\n            <div class=\"fill banner-link\"><\/div>            \n\n   <div id=\"text-box-892002799\" class=\"text-box banner-layer x50 md-x50 lg-x50 y50 md-y50 lg-y50 res-text\">\n                                <div class=\"text-box-content text \">\n              \n              <div class=\"text-inner text-left\">\n                  \n\n\t<div id=\"gap-1987857107\" class=\"gap-element clearfix\" style=\"display:block; height:auto;\">\n\t\t\n<style>\n#gap-1987857107 {\n  padding-top: 30px;\n}\n<\/style>\n\t<\/div>\n\t\n\n<h1>\u00dcber uns<\/h1>\n<p>Ich backe mit Liebe und Hingabe\u00a0und bin stets darauf bedacht, dass, das was ich mache, nicht nur sch\u00f6n aussieht, sondern auch gut schmeckt. Wenn ich den Mehlspeisen dann auch noch eine pers\u00f6nliche Note geben kann, bin ich mit meiner Arbeit zufrieden.<br \/>Viele Hobbyb\u00e4cker und Hobbyb\u00e4ckerinnen m\u00f6chten nat\u00fcrlich gerne ein ganz besonderes Bild auf Ihrer Torte haben, auch ich bin oft in der Situation gewesen, auf die schnelle ein Pers\u00f6nliches Foto f\u00fcr eine Torte zu bekommen. Da der weg zu eines Shop der mir was ausgedruckt doch sehr weit war, habe ich beschlossen mir meinen eigenen Zuckerdrucker zu kaufen. So bin ich auf die Idee gekommen, dass ich das auch anderen anbieten kann.<\/p>\n<h1><br \/>Unser Ziel<\/h1>\n<p>Mit diesem Webshop m\u00f6chten ich und mein Team, dir die M\u00f6glichkeit geben dein ganz pers\u00f6nliches Bild, oder eine ganz pers\u00f6nliche Zeichnung f\u00fcr Deine Torte, Kuchen oder Muffins zu bestellen. Dazu geben wir dir aber auch noch eine ganz pers\u00f6nliche Auswahl an Bildern, die Dir vielleicht gefallen werden. <br \/>Dar\u00fcber hinaus gibt es auch handgefertigte Figuren, Bl\u00fcten und vieles mehr bestellen.<br \/>Alle auf diesen Shop angebotenen Bilder sind mein Eigentum bzw. das Eigentum des ausf\u00fchrenden K\u00fcnstlers und Urheberrechtlich gesch\u00fctzt. Diese Motive k\u00f6nnen nur \u00fcber diesen Shop bezogen werden.<br \/>Modellierte St\u00fccke sind reine Handarbeit, deshalb k\u00f6nnen niemals 2 St\u00fccke exakt gleich ausgef\u00fchrt werden.<br \/>Du kannst uns nat\u00fcrlich auch jederzeit\u00a0Kontaktieren\u00a0und eine Torte nach Wunsch zu DeinenTortenbild bestellen. Diese kann dann jedoch nur abgeholt werden. Im Umkreis von ca. 50 km werden die Torten gegen eine Zustellungsgeb\u00fchr auch gerne geliefert.<\/p>\n\t<div id=\"gap-935065265\" class=\"gap-element clearfix\" style=\"display:block; height:auto;\">\n\t\t\n<style>\n#gap-935065265 {\n  padding-top: 5px;\n}\n<\/style>\n\t<\/div>\n\t\n\n<div class=\"is-divider divider clearfix\" style=\"max-width:98px;\"><\/div>\n\n\t<div id=\"gap-800133007\" class=\"gap-element clearfix\" style=\"display:block; height:auto;\">\n\t\t\n<style>\n#gap-800133007 {\n  padding-top: 15px;\n}\n<\/style>\n\t<\/div>\n\t\n\n<p>F\u00fcr mehr Infos kannst du dir meine Website anschauen.<\/p>\n<div class=\"jfk-bubble gtx-bubble\" style=\"visibility: hidden; left: 6px; top: 63px; opacity: 1;\" role=\"alertdialog\" aria-describedby=\"bubble-2\">\n<div id=\"bubble-2\" class=\"jfk-bubble-content-id\">\n<div id=\"gtx-host\" style=\"min-width: 200px; max-width: 400px;\">&nbsp;<\/div>\n<\/div>\n<div class=\"jfk-bubble-closebtn-id jfk-bubble-closebtn\" tabindex=\"0\" role=\"button\" aria-label=\"Close\">&nbsp;<\/div>\n<div class=\"jfk-bubble-arrow-id jfk-bubble-arrow jfk-bubble-arrowup\" style=\"left: 260px;\">\n<div class=\"jfk-bubble-arrowimplbefore\">&nbsp;<\/div>\n<div class=\"jfk-bubble-arrowimplafter\">&nbsp;<\/div>\n<\/div>\n<\/div>\n<a href=\"http:\/\/zuckerrosi.at\" target=\"_self\" class=\"button primary is-outline is-large\"  style=\"border-radius:99px;\">\n    <span>Zuckerrosi<\/span>\n  <\/a>\n\n\n\n              <\/div>\n           <\/div>\n                            \n<style>\n#text-box-892002799 {\n  width: 78%;\n}\n#text-box-892002799 .text-box-content {\n  font-size: 100%;\n}\n@media (min-width:550px) {\n  #text-box-892002799 {\n    width: 66%;\n  }\n}\n<\/style>\n    <\/div>\n \n\n        <\/div>\n      <\/div>\n\n            \n<style>\n#banner-523948067 {\n  padding-top: 650px;\n  background-color: rgb(255,255,255);\n}\n@media (min-width:550px) {\n  #banner-523948067 {\n    padding-top: 640px;\n  }\n}\n<\/style>\n  <\/div>\n\n\n\n\t\t<\/div>\n\t\t\t<\/div>\n\n\t\n\n<\/div>\n\n","protected":false},"excerpt":{"rendered":"","protected":false},"author":1,"featured_media":0,"parent":0,"menu_order":0,"comment_status":"closed","ping_status":"closed","template":"page-blank.php","meta":{"footnotes":""},"class_list":["post-11","page","type-page","status-publish","hentry"],"yoast_head":"<!-- This site is optimized with the Yoast SEO plugin v27.3 - https:\/\/yoast.com\/product\/yoast-seo-wordpress\/ -->\n<title>\u00dcber uns - Zuckerdrucker<\/title>\n<meta name=\"robots\" content=\"index, follow, max-snippet:-1, max-image-preview:large, max-video-preview:-1\" \/>\n<link rel=\"canonical\" href=\"https:\/\/zuckerrosi.at\/zuckerdrucker\/ueber-uns\/\" \/>\n<meta property=\"og:locale\" content=\"de_DE\" \/>\n<meta property=\"og:type\" content=\"article\" \/>\n<meta property=\"og:title\" content=\"\u00dcber uns - Zuckerdrucker\" \/>\n<meta property=\"og:url\" content=\"https:\/\/zuckerrosi.at\/zuckerdrucker\/ueber-uns\/\" \/>\n<meta property=\"og:site_name\" content=\"Zuckerdrucker\" \/>\n<meta property=\"article:modified_time\" content=\"2021-06-01T08:51:40+00:00\" \/>\n<meta name=\"twitter:card\" content=\"summary_large_image\" \/>\n<meta name=\"twitter:label1\" content=\"Gesch\u00e4tzte Lesezeit\" \/>\n\t<meta name=\"twitter:data1\" content=\"1\u00a0Minute\" \/>\n<script type=\"application\/ld+json\" class=\"yoast-schema-graph\">{\"@context\":\"https:\\\/\\\/schema.org\",\"@graph\":[{\"@type\":\"WebPage\",\"@id\":\"https:\\\/\\\/zuckerrosi.at\\\/zuckerdrucker\\\/ueber-uns\\\/\",\"url\":\"https:\\\/\\\/zuckerrosi.at\\\/zuckerdrucker\\\/ueber-uns\\\/\",\"name\":\"\u00dcber uns - Zuckerdrucker\",\"isPartOf\":{\"@id\":\"https:\\\/\\\/zuckerrosi.at\\\/zuckerdrucker\\\/#website\"},\"datePublished\":\"2021-04-17T11:12:29+00:00\",\"dateModified\":\"2021-06-01T08:51:40+00:00\",\"breadcrumb\":{\"@id\":\"https:\\\/\\\/zuckerrosi.at\\\/zuckerdrucker\\\/ueber-uns\\\/#breadcrumb\"},\"inLanguage\":\"de\",\"potentialAction\":[{\"@type\":\"ReadAction\",\"target\":[\"https:\\\/\\\/zuckerrosi.at\\\/zuckerdrucker\\\/ueber-uns\\\/\"]}]},{\"@type\":\"BreadcrumbList\",\"@id\":\"https:\\\/\\\/zuckerrosi.at\\\/zuckerdrucker\\\/ueber-uns\\\/#breadcrumb\",\"itemListElement\":[{\"@type\":\"ListItem\",\"position\":1,\"name\":\"Startseite\",\"item\":\"https:\\\/\\\/zuckerrosi.at\\\/zuckerdrucker\\\/\"},{\"@type\":\"ListItem\",\"position\":2,\"name\":\"\u00dcber uns\"}]},{\"@type\":\"WebSite\",\"@id\":\"https:\\\/\\\/zuckerrosi.at\\\/zuckerdrucker\\\/#website\",\"url\":\"https:\\\/\\\/zuckerrosi.at\\\/zuckerdrucker\\\/\",\"name\":\"Zuckerdrucker\",\"description\":\"Ein Webshop, der Zuckerdruck und handgemachte Tortendeko anbietet.\",\"potentialAction\":[{\"@type\":\"SearchAction\",\"target\":{\"@type\":\"EntryPoint\",\"urlTemplate\":\"https:\\\/\\\/zuckerrosi.at\\\/zuckerdrucker\\\/?s={search_term_string}\"},\"query-input\":{\"@type\":\"PropertyValueSpecification\",\"valueRequired\":true,\"valueName\":\"search_term_string\"}}],\"inLanguage\":\"de\"}]}<\/script>\n<!-- \/ Yoast SEO plugin. -->","yoast_head_json":{"title":"\u00dcber uns - Zuckerdrucker","robots":{"index":"index","follow":"follow","max-snippet":"max-snippet:-1","max-image-preview":"max-image-preview:large","max-video-preview":"max-video-preview:-1"},"canonical":"https:\/\/zuckerrosi.at\/zuckerdrucker\/ueber-uns\/","og_locale":"de_DE","og_type":"article","og_title":"\u00dcber uns - Zuckerdrucker","og_url":"https:\/\/zuckerrosi.at\/zuckerdrucker\/ueber-uns\/","og_site_name":"Zuckerdrucker","article_modified_time":"2021-06-01T08:51:40+00:00","twitter_card":"summary_large_image","twitter_misc":{"Gesch\u00e4tzte Lesezeit":"1\u00a0Minute"},"schema":{"@context":"https:\/\/schema.org","@graph":[{"@type":"WebPage","@id":"https:\/\/zuckerrosi.at\/zuckerdrucker\/ueber-uns\/","url":"https:\/\/zuckerrosi.at\/zuckerdrucker\/ueber-uns\/","name":"\u00dcber uns - Zuckerdrucker","isPartOf":{"@id":"https:\/\/zuckerrosi.at\/zuckerdrucker\/#website"},"datePublished":"2021-04-17T11:12:29+00:00","dateModified":"2021-06-01T08:51:40+00:00","breadcrumb":{"@id":"https:\/\/zuckerrosi.at\/zuckerdrucker\/ueber-uns\/#breadcrumb"},"inLanguage":"de","potentialAction":[{"@type":"ReadAction","target":["https:\/\/zuckerrosi.at\/zuckerdrucker\/ueber-uns\/"]}]},{"@type":"BreadcrumbList","@id":"https:\/\/zuckerrosi.at\/zuckerdrucker\/ueber-uns\/#breadcrumb","itemListElement":[{"@type":"ListItem","position":1,"name":"Startseite","item":"https:\/\/zuckerrosi.at\/zuckerdrucker\/"},{"@type":"ListItem","position":2,"name":"\u00dcber uns"}]},{"@type":"WebSite","@id":"https:\/\/zuckerrosi.at\/zuckerdrucker\/#website","url":"https:\/\/zuckerrosi.at\/zuckerdrucker\/","name":"Zuckerdrucker","description":"Ein Webshop, der Zuckerdruck und handgemachte Tortendeko anbietet.","potentialAction":[{"@type":"SearchAction","target":{"@type":"EntryPoint","urlTemplate":"https:\/\/zuckerrosi.at\/zuckerdrucker\/?s={search_term_string}"},"query-input":{"@type":"PropertyValueSpecification","valueRequired":true,"valueName":"search_term_string"}}],"inLanguage":"de"}]}},"_links":{"self":[{"href":"https:\/\/zuckerrosi.at\/zuckerdrucker\/wp-json\/wp\/v2\/pages\/11","targetHints":{"allow":["GET"]}}],"collection":[{"href":"https:\/\/zuckerrosi.at\/zuckerdrucker\/wp-json\/wp\/v2\/pages"}],"about":[{"href":"https:\/\/zuckerrosi.at\/zuckerdrucker\/wp-json\/wp\/v2\/types\/page"}],"author":[{"embeddable":true,"href":"https:\/\/zuckerrosi.at\/zuckerdrucker\/wp-json\/wp\/v2\/users\/1"}],"replies":[{"embeddable":true,"href":"https:\/\/zuckerrosi.at\/zuckerdrucker\/wp-json\/wp\/v2\/comments?post=11"}],"version-history":[{"count":10,"href":"https:\/\/zuckerrosi.at\/zuckerdrucker\/wp-json\/wp\/v2\/pages\/11\/revisions"}],"predecessor-version":[{"id":330,"href":"https:\/\/zuckerrosi.at\/zuckerdrucker\/wp-json\/wp\/v2\/pages\/11\/revisions\/330"}],"wp:attachment":[{"href":"https:\/\/zuckerrosi.at\/zuckerdrucker\/wp-json\/wp\/v2\/media?parent=11"}],"curies":[{"name":"wp","href":"https:\/\/api.w.org\/{rel}","templated":true}]}}